{"id":53,"date":"2019-02-21T19:11:47","date_gmt":"2019-02-21T18:11:47","guid":{"rendered":"http:\/\/magnolia.com.pl\/?page_id=53"},"modified":"2025-01-12T16:20:11","modified_gmt":"2025-01-12T15:20:11","slug":"kontakt","status":"publish","type":"page","link":"https:\/\/magnolia.com.pl\/?page_id=53","title":{"rendered":"Kontakt"},"content":{"rendered":"\t\t<div data-elementor-type=\"wp-page\" data-elementor-id=\"53\" class=\"elementor elementor-53\">\n\t\t\t\t\t\t<section class=\"elementor-section elementor-top-section elementor-element elementor-element-202cf980 elementor-section-boxed elementor-section-height-default elementor-section-height-default\" data-id=\"202cf980\" data-element_type=\"section\">\n\t\t\t\t\t\t<div class=\"elementor-container elementor-column-gap-default\">\n\t\t\t\t\t<div class=\"elementor-column elementor-col-100 elementor-top-column elementor-element elementor-element-69505ed6\" data-id=\"69505ed6\" data-element_type=\"column\">\n\t\t\t<div class=\"elementor-widget-wrap elementor-element-populated\">\n\t\t\t\t\t\t<div class=\"elementor-element elementor-element-21c24f2b elementor-widget elementor-widget-text-editor\" data-id=\"21c24f2b\" data-element_type=\"widget\" data-widget_type=\"text-editor.default\">\n\t\t\t\t<div class=\"elementor-widget-container\">\n\t\t\t\t\t\t\t<!-- wp:paragraph -->\n<p>tel. +48 74 866 95 68<\/p>\n<!-- \/wp:paragraph --><!-- wp:paragraph -->\n<p>mob.: +48 694 301 505 lub +48 604 869 351<\/p>\n<!-- \/wp:paragraph --><!-- wp:paragraph -->\n<p>email: <a href=\"mailto: magnolia@jbw.com.pl\">magnolia@jbw.com.pl<\/a><\/p>\n<!-- \/wp:paragraph --><!-- wp:paragraph -->\n<p>Ewentualnie prosz\u0119 skorzysta\u0107 z poni\u017cszego formularza kontaktowego:<\/p>\n<!-- \/wp:paragraph --><!-- wp:shortcode -->\n<div class=\"wpforms-container wpforms-container-full wpforms-render-modern\" id=\"wpforms-580\"><form id=\"wpforms-form-580\" class=\"wpforms-validate wpforms-form wpforms-ajax-form\" data-formid=\"580\" method=\"post\" enctype=\"multipart\/form-data\" action=\"\/index.php?rest_route=%2Fwp%2Fv2%2Fpages%2F53\" data-token=\"ebbfdffdc1ed3bd7c513e801fe493d33\" data-token-time=\"1776759507\"><noscript class=\"wpforms-error-noscript\">Aby wype\u0142ni\u0107 ten formularz, w\u0142\u0105cz obs\u0142ug\u0119 JavaScript w przegl\u0105darce.<\/noscript><div class=\"wpforms-hidden\" id=\"wpforms-error-noscript\">Aby wype\u0142ni\u0107 ten formularz, w\u0142\u0105cz obs\u0142ug\u0119 JavaScript w przegl\u0105darce.<\/div><div class=\"wpforms-field-container\"><div id=\"wpforms-580-field_1-container\" class=\"wpforms-field wpforms-field-name\" data-field-id=\"1\"><fieldset><legend class=\"wpforms-field-label\">Imi\u0119 i nazwisko <span class=\"wpforms-required-label\" aria-hidden=\"true\">*<\/span><\/legend><div class=\"wpforms-field-row wpforms-field-medium\"><div class=\"wpforms-field-row-block wpforms-first wpforms-one-half\"><input type=\"text\" id=\"wpforms-580-field_1\" class=\"wpforms-field-name-first wpforms-field-required\" name=\"wpforms[fields][1][first]\" aria-errormessage=\"wpforms-580-field_1-error\" required><label for=\"wpforms-580-field_1\" class=\"wpforms-field-sublabel after\">Imi\u0119<\/label><\/div><div class=\"wpforms-field-row-block wpforms-one-half\"><input type=\"text\" id=\"wpforms-580-field_1-last\" class=\"wpforms-field-name-last wpforms-field-required\" name=\"wpforms[fields][1][last]\" aria-errormessage=\"wpforms-580-field_1-last-error\" required><label for=\"wpforms-580-field_1-last\" class=\"wpforms-field-sublabel after\">Nazwisko<\/label><\/div><\/div><\/fieldset><\/div><div id=\"wpforms-580-field_2-container\" class=\"wpforms-field wpforms-field-email\" data-field-id=\"2\"><label class=\"wpforms-field-label\" for=\"wpforms-580-field_2\">Adres e-mail <span class=\"wpforms-required-label\" aria-hidden=\"true\">*<\/span><\/label><input type=\"email\" id=\"wpforms-580-field_2\" class=\"wpforms-field-medium wpforms-field-required\" name=\"wpforms[fields][2]\" spellcheck=\"false\" aria-errormessage=\"wpforms-580-field_2-error\" required><\/div><div id=\"wpforms-580-field_5-container\" class=\"wpforms-field wpforms-field-text\" data-field-id=\"5\"><label class=\"wpforms-field-label\" for=\"wpforms-580-field_5\">Numer telefonu kontaktowego<\/label><input type=\"text\" id=\"wpforms-580-field_5\" class=\"wpforms-field-medium\" name=\"wpforms[fields][5]\" aria-errormessage=\"wpforms-580-field_5-error\" ><\/div><div id=\"wpforms-580-field_3-container\" class=\"wpforms-field wpforms-field-textarea\" data-field-id=\"3\"><label class=\"wpforms-field-label\" for=\"wpforms-580-field_3\">Komentarz lub wiadomo\u015b\u0107<\/label><textarea id=\"wpforms-580-field_3\" class=\"wpforms-field-medium\" name=\"wpforms[fields][3]\" aria-errormessage=\"wpforms-580-field_3-error\" ><\/textarea><\/div><\/div><!-- .wpforms-field-container --><div class=\"wpforms-recaptcha-container wpforms-is-recaptcha wpforms-is-recaptcha-type-v2\" ><div class=\"g-recaptcha\" data-sitekey=\"6Lc7JjYmAAAAAPFN4PaDL80yYooQZ06Ir5SdXfMv\"><\/div><input type=\"text\" name=\"g-recaptcha-hidden\" class=\"wpforms-recaptcha-hidden\" style=\"position:absolute!important;clip:rect(0,0,0,0)!important;height:1px!important;width:1px!important;border:0!important;overflow:hidden!important;padding:0!important;margin:0!important;\" data-rule-recaptcha=\"1\"><\/div><div class=\"wpforms-submit-container\" ><input type=\"hidden\" name=\"wpforms[id]\" value=\"580\"><input type=\"hidden\" name=\"page_title\" value=\"\"><input type=\"hidden\" name=\"page_url\" value=\"https:\/\/magnolia.com.pl\/index.php?rest_route=%2Fwp%2Fv2%2Fpages%2F53\"><button type=\"submit\" name=\"wpforms[submit]\" id=\"wpforms-submit-580\" class=\"wpforms-submit\" data-alt-text=\"Wysy\u0142anie...\" data-submit-text=\"Prze\u015blij\" aria-live=\"assertive\" value=\"wpforms-submit\">Prze\u015blij<\/button><img decoding=\"async\" src=\"https:\/\/magnolia.com.pl\/wp-content\/plugins\/wpforms-lite\/assets\/images\/submit-spin.svg\" class=\"wpforms-submit-spinner\" style=\"display: none;\" width=\"26\" height=\"26\" alt=\"Wczytywanie\"><\/div><\/form><\/div>  <!-- .wpforms-container -->\n<!-- \/wp:shortcode --><!-- wp:paragraph -->\n<p>Konto bankowe:<\/p>\n<!-- \/wp:paragraph --><!-- wp:paragraph -->\n<p>Santander S.A. o\/K\u0142odzko<\/p>\n<!-- \/wp:paragraph --><!-- wp:paragraph -->\n<p><strong>74 1090 2327 0000 0001 0137 4733<\/strong> <\/p>\n<!-- \/wp:paragraph --><!-- wp:paragraph -->\n<p>\u00a0<\/p>\n<!-- \/wp:paragraph -->\t\t\t\t\t\t<\/div>\n\t\t\t\t<\/div>\n\t\t\t\t\t<\/div>\n\t\t<\/div>\n\t\t\t\t\t<\/div>\n\t\t<\/section>\n\t\t\t\t<\/div>\n\t\t","protected":false},"excerpt":{"rendered":"<p>tel. +48 74 866 95 68 mob.: +48 694 301 505 lub +48 604 869 351 email: magnolia@jbw.com.pl Ewentualnie prosz\u0119 skorzysta\u0107 z poni\u017cszego formularza kontaktowego:&hellip; <\/p>\n","protected":false},"author":1,"featured_media":0,"parent":0,"menu_order":0,"comment_status":"closed","ping_status":"closed","template":"","meta":{"footnotes":""},"class_list":["post-53","page","type-page","status-publish","hentry"],"_links":{"self":[{"href":"https:\/\/magnolia.com.pl\/index.php?rest_route=\/wp\/v2\/pages\/53","targetHints":{"allow":["GET"]}}],"collection":[{"href":"https:\/\/magnolia.com.pl\/index.php?rest_route=\/wp\/v2\/pages"}],"about":[{"href":"https:\/\/magnolia.com.pl\/index.php?rest_route=\/wp\/v2\/types\/page"}],"author":[{"embeddable":true,"href":"https:\/\/magnolia.com.pl\/index.php?rest_route=\/wp\/v2\/users\/1"}],"replies":[{"embeddable":true,"href":"https:\/\/magnolia.com.pl\/index.php?rest_route=%2Fwp%2Fv2%2Fcomments&post=53"}],"version-history":[{"count":10,"href":"https:\/\/magnolia.com.pl\/index.php?rest_route=\/wp\/v2\/pages\/53\/revisions"}],"predecessor-version":[{"id":598,"href":"https:\/\/magnolia.com.pl\/index.php?rest_route=\/wp\/v2\/pages\/53\/revisions\/598"}],"wp:attachment":[{"href":"https:\/\/magnolia.com.pl\/index.php?rest_route=%2Fwp%2Fv2%2Fmedia&parent=53"}],"curies":[{"name":"wp","href":"https:\/\/api.w.org\/{rel}","templated":true}]}}